{"id":2123,"date":"2026-02-02T13:57:23","date_gmt":"2026-02-02T18:57:23","guid":{"rendered":"https:\/\/venusfleurs.ca\/product\/charme-rose\/"},"modified":"2026-02-06T17:23:17","modified_gmt":"2026-02-06T22:23:17","slug":"charme-rose","status":"publish","type":"product","link":"https:\/\/venusfleurs.ca\/fr\/produit\/charme-rose\/","title":{"rendered":"Charme Ros\u00e9"},"content":{"rendered":"\t\t<div data-elementor-type=\"product-post\" data-elementor-id=\"2123\" class=\"elementor elementor-2123 elementor-1504\" data-elementor-post-type=\"product\">\n\t\t\t\t<div class=\"elementor-element elementor-element-6196fc54 e-flex e-con-boxed e-con e-parent\" data-id=\"6196fc54\" data-element_type=\"container\" data-e-type=\"container\">\n\t\t\t\t\t<div class=\"e-con-inner\">\n\t\t<div class=\"elementor-element elementor-element-2a5068c6 e-con-full e-flex e-con e-child\" data-id=\"2a5068c6\" data-element_type=\"container\" data-e-type=\"container\">\n\t\t\t\t<div class=\"elementor-element elementor-element-6d4d3f4a elementor-widget elementor-widget-woocommerce-product-title elementor-page-title elementor-widget-heading\" data-id=\"6d4d3f4a\" data-element_type=\"widget\" data-e-type=\"widget\" data-widget_type=\"woocommerce-product-title.default\">\n\t\t\t\t\t<h1 class=\"product_title entry-title elementor-heading-title elementor-size-default\">Charme Ros\u00e9<\/h1>\t\t\t\t<\/div>\n\t\t\t\t<div class=\"elementor-element elementor-element-13cf1319 elementor-widget elementor-widget-woocommerce-product-short-description\" data-id=\"13cf1319\" data-element_type=\"widget\" data-e-type=\"widget\" data-widget_type=\"woocommerce-product-short-description.default\">\n\t\t\t\t\t<div class=\"woocommerce-product-details__short-description\">\n\t<p>Un m\u00e9lange joyeux de roses fuchsia, d&rsquo;\u0153illets roses tendres et de touches de fleurs lilas, nou\u00e9 avec des rubans vibrants. Parfait pour \u00e9gayer la journ\u00e9e de quelqu&rsquo;un avec gaiet\u00e9 et affection.<\/p>\n<\/div>\n\t\t\t\t<\/div>\n\t\t\t\t<div class=\"elementor-element elementor-element-bac4fe4 elementor-widget elementor-widget-woocommerce-product-price\" data-id=\"bac4fe4\" data-element_type=\"widget\" data-e-type=\"widget\" data-widget_type=\"woocommerce-product-price.default\">\n\t\t\t\t\t<p class=\"price\"><span class=\"woocommerce-Price-amount amount\"><bdi><span class=\"woocommerce-Price-currencySymbol\">&#36;<\/span>50.00<\/bdi><\/span><\/p>\n\t\t\t\t<\/div>\n\t\t\t\t<div class=\"elementor-element elementor-element-5249451b elementor-widget elementor-widget-woocommerce-notices\" data-id=\"5249451b\" data-element_type=\"widget\" data-e-type=\"widget\" data-widget_type=\"woocommerce-notices.default\">\n\t\t\t\t\t\t\t<style>\n\t\t\t.woocommerce-notices-wrapper,\n\t\t\t.woocommerce-message,\n\t\t\t.woocommerce-error,\n\t\t\t.woocommerce-info {\n\t\t\t\tdisplay: none;\n\t\t\t}\n\t\t<\/style>\n\t\t\t\t\t<div class=\"e-woocommerce-notices-wrapper e-woocommerce-notices-wrapper-loading\">\n\t\t\t\t<div class=\"woocommerce-notices-wrapper\"><\/div>\t\t\t<\/div>\n\t\t\t\t\t\t\t<\/div>\n\t\t\t\t<div class=\"elementor-element elementor-element-5de76a5 e-add-to-cart--show-quantity-yes elementor-widget elementor-widget-woocommerce-product-add-to-cart\" data-id=\"5de76a5\" data-element_type=\"widget\" data-e-type=\"widget\" data-widget_type=\"woocommerce-product-add-to-cart.default\">\n\t\t\t\t\t\n\t\t<div class=\"elementor-add-to-cart elementor-product-simple\">\n\t\t\t\n\t<div id=\"shoptimizer-sticky-anchor\"><\/div>\n\t<form class=\"cart\" action=\"https:\/\/venusfleurs.ca\/fr\/produit\/charme-rose\/\" method=\"post\" enctype='multipart\/form-data'>\n\t\t\n\t\t<div class=\"quantity\">\n\t\t<label class=\"screen-reader-text\" for=\"quantity_6a047e9d2e442\">quantit\u00e9 de Charme Ros\u00e9<\/label>\n\t<input\n\t\ttype=\"number\"\n\t\t\t\tid=\"quantity_6a047e9d2e442\"\n\t\tclass=\"input-text qty text\"\n\t\tname=\"quantity\"\n\t\tvalue=\"1\"\n\t\taria-label=\"Quantit\u00e9 de produits\"\n\t\t\t\tmin=\"1\"\n\t\t\t\t\t\t\tstep=\"1\"\n\t\t\tplaceholder=\"\"\n\t\t\tinputmode=\"numeric\"\n\t\t\tautocomplete=\"off\"\n\t\t\t\/>\n\t<\/div>\n\n\t\t<button type=\"submit\" name=\"add-to-cart\" value=\"2123\" class=\"single_add_to_cart_button button alt\">Ajouter au panier<\/button>\n\n\t\t\t<\/form>\n\n\t\n\t\t<\/div>\n\n\t\t\t\t\t\t<\/div>\n\t\t\t\t<\/div>\n\t\t<div class=\"elementor-element elementor-element-743c6282 e-con-full e-flex e-con e-child\" data-id=\"743c6282\" data-element_type=\"container\" data-e-type=\"container\">\n\t\t\t\t<div class=\"elementor-element elementor-element-2c6f7dbe elementor-widget elementor-widget-woocommerce-product-images\" data-id=\"2c6f7dbe\" data-element_type=\"widget\" data-e-type=\"widget\" data-widget_type=\"woocommerce-product-images.default\">\n\t\t\t\t\t<div class=\"woocommerce-product-gallery woocommerce-product-gallery--with-images woocommerce-product-gallery--columns-4 images\" data-columns=\"4\" style=\"opacity: 0; transition: opacity .25s ease-in-out;\">\n\t<div class=\"woocommerce-product-gallery__wrapper\">\n\t\t<div data-thumb=\"https:\/\/i0.wp.com\/venusfleurs.ca\/wp-content\/uploads\/2025\/08\/20-2.png?fit=150%2C150&#038;ssl=1\" data-thumb-alt=\"Charme Ros\u00e9\" data-thumb-srcset=\"https:\/\/i0.wp.com\/venusfleurs.ca\/wp-content\/uploads\/2025\/08\/20-2.png?w=500&amp;ssl=1 500w, https:\/\/i0.wp.com\/venusfleurs.ca\/wp-content\/uploads\/2025\/08\/20-2.png?resize=300%2C300&amp;ssl=1 300w, https:\/\/i0.wp.com\/venusfleurs.ca\/wp-content\/uploads\/2025\/08\/20-2.png?resize=150%2C150&amp;ssl=1 150w, https:\/\/i0.wp.com\/venusfleurs.ca\/wp-content\/uploads\/2025\/08\/20-2.png?resize=441%2C441&amp;ssl=1 441w, https:\/\/i0.wp.com\/venusfleurs.ca\/wp-content\/uploads\/2025\/08\/20-2.png?resize=100%2C100&amp;ssl=1 100w\"  data-thumb-sizes=\"(max-width: 150px) 100vw, 150px\" class=\"woocommerce-product-gallery__image\"><a href=\"https:\/\/i0.wp.com\/venusfleurs.ca\/wp-content\/uploads\/2025\/08\/20-2.png?fit=500%2C500&#038;ssl=1\"><img fetchpriority=\"high\" decoding=\"async\" width=\"500\" height=\"500\" src=\"https:\/\/i0.wp.com\/venusfleurs.ca\/wp-content\/uploads\/2025\/08\/20-2.png?fit=500%2C500&amp;ssl=1\" class=\"wp-post-image\" alt=\"Charme Ros\u00e9\" data-caption=\"\" data-src=\"https:\/\/i0.wp.com\/venusfleurs.ca\/wp-content\/uploads\/2025\/08\/20-2.png?fit=500%2C500&#038;ssl=1\" data-large_image=\"https:\/\/i0.wp.com\/venusfleurs.ca\/wp-content\/uploads\/2025\/08\/20-2.png?fit=500%2C500&#038;ssl=1\" data-large_image_width=\"500\" data-large_image_height=\"500\" srcset=\"https:\/\/i0.wp.com\/venusfleurs.ca\/wp-content\/uploads\/2025\/08\/20-2.png?w=500&amp;ssl=1 500w, https:\/\/i0.wp.com\/venusfleurs.ca\/wp-content\/uploads\/2025\/08\/20-2.png?resize=300%2C300&amp;ssl=1 300w, https:\/\/i0.wp.com\/venusfleurs.ca\/wp-content\/uploads\/2025\/08\/20-2.png?resize=150%2C150&amp;ssl=1 150w, https:\/\/i0.wp.com\/venusfleurs.ca\/wp-content\/uploads\/2025\/08\/20-2.png?resize=441%2C441&amp;ssl=1 441w, https:\/\/i0.wp.com\/venusfleurs.ca\/wp-content\/uploads\/2025\/08\/20-2.png?resize=100%2C100&amp;ssl=1 100w\" sizes=\"(max-width: 360px) 330px, (max-width: 500px) 100vw, 500px\" data-attachment-id=\"383\" data-permalink=\"https:\/\/venusfleurs.ca\/fr\/?attachment_id=383\" data-orig-file=\"https:\/\/i0.wp.com\/venusfleurs.ca\/wp-content\/uploads\/2025\/08\/20-2.png?fit=500%2C500&amp;ssl=1\" data-orig-size=\"500,500\" data-comments-opened=\"1\" data-image-meta=\"{&quot;aperture&quot;:&quot;0&quot;,&quot;credit&quot;:&quot;&quot;,&quot;camera&quot;:&quot;&quot;,&quot;caption&quot;:&quot;&quot;,&quot;created_timestamp&quot;:&quot;0&quot;,&quot;copyright&quot;:&quot;&quot;,&quot;focal_length&quot;:&quot;0&quot;,&quot;iso&quot;:&quot;0&quot;,&quot;shutter_speed&quot;:&quot;0&quot;,&quot;title&quot;:&quot;&quot;,&quot;orientation&quot;:&quot;0&quot;}\" data-image-title=\"20.png\" data-image-description=\"\" data-image-caption=\"\" data-large-file=\"https:\/\/i0.wp.com\/venusfleurs.ca\/wp-content\/uploads\/2025\/08\/20-2.png?fit=500%2C500&amp;ssl=1\" \/><\/a><\/div>\t<\/div>\n<\/div>\n\t\t\t\t<\/div>\n\t\t\t\t<\/div>\n\t\t\t\t\t<\/div>\n\t\t\t\t<\/div>\n\t\t<div class=\"elementor-element elementor-element-1b07f6c9 e-flex e-con-boxed e-con e-parent\" data-id=\"1b07f6c9\" data-element_type=\"container\" data-e-type=\"container\">\n\t\t\t\t\t<div class=\"e-con-inner\">\n\t\t\t\t<div class=\"elementor-element elementor-element-6fb57d89 elementor-widget elementor-widget-spacer\" data-id=\"6fb57d89\" data-element_type=\"widget\" data-e-type=\"widget\" data-widget_type=\"spacer.default\">\n\t\t\t\t\t\t\t<div class=\"elementor-spacer\">\n\t\t\t<div class=\"elementor-spacer-inner\"><\/div>\n\t\t<\/div>\n\t\t\t\t\t\t<\/div>\n\t\t\t\t\t<\/div>\n\t\t\t\t<\/div>\n\t\t<div class=\"elementor-element elementor-element-4c5dc1f5 e-flex e-con-boxed e-con e-parent\" data-id=\"4c5dc1f5\" data-element_type=\"container\" data-e-type=\"container\">\n\t\t\t\t\t<div class=\"e-con-inner\">\n\t\t\t\t<div class=\"elementor-element elementor-element-1bd21f64 elementor-widget-divider--view-line elementor-widget elementor-widget-divider\" data-id=\"1bd21f64\" data-element_type=\"widget\" data-e-type=\"widget\" data-widget_type=\"divider.default\">\n\t\t\t\t\t\t\t<div class=\"elementor-divider\">\n\t\t\t<span class=\"elementor-divider-separator\">\n\t\t\t\t\t\t<\/span>\n\t\t<\/div>\n\t\t\t\t\t\t<\/div>\n\t\t\t\t\t<\/div>\n\t\t\t\t<\/div>\n\t\t<div class=\"elementor-element elementor-element-5ee362f4 e-flex e-con-boxed e-con e-parent\" data-id=\"5ee362f4\" data-element_type=\"container\" data-e-type=\"container\">\n\t\t\t\t\t<div class=\"e-con-inner\">\n\t\t\t\t<div class=\"elementor-element elementor-element-5b4233f7 elementor-widget elementor-widget-heading\" data-id=\"5b4233f7\" data-element_type=\"widget\" data-e-type=\"widget\" data-widget_type=\"heading.default\">\n\t\t\t\t\t<h2 class=\"elementor-heading-title elementor-size-default\">Produits associ\u00e9s<\/h2>\t\t\t\t<\/div>\n\t\t\t\t<div class=\"elementor-element elementor-element-1aa8e626 elementor-grid-3 elementor-grid-mobile-1 elementor-product-loop-item--align-left elementor-widget-mobile__width-inherit elementor-grid-tablet-3 elementor-products-grid elementor-wc-products elementor-widget elementor-widget-woocommerce-product-related\" data-id=\"1aa8e626\" data-element_type=\"widget\" data-e-type=\"widget\" data-widget_type=\"woocommerce-product-related.default\">\n\t\t\t\t\t\n\t<section class=\"related products\">\n\n\t\t\t\t\t<h2>Produits similaires<\/h2>\n\t\t\t\t<ul class=\"products elementor-grid columns-4\">\n\n\t\t\t\n\t\t\t\t\t<li class=\"product type-product post-2166 status-publish first instock product_cat-occasions-speciales product_cat-tout-voir has-post-thumbnail taxable shipping-taxable purchasable product-type-simple\">\n\t<a href=\"https:\/\/venusfleurs.ca\/fr\/produit\/peach-elegance\/\" class=\"woocommerce-LoopProduct-link woocommerce-loop-product__link\"><div class=\"woocommerce-image__wrapper\"><a href=\"https:\/\/venusfleurs.ca\/fr\/produit\/peach-elegance\/\" title=\"\u00c9l\u00e9gance P\u00eache\" class=\"woocommerce-LoopProduct-link woocommerce-loop-product__link\"><div class=\"shoptimizer-plp-carousel-container\"><div class=\"shoptimizer-plp-image-wrapper\"><img decoding=\"async\" width=\"300\" height=\"300\" src=\"https:\/\/i0.wp.com\/venusfleurs.ca\/wp-content\/uploads\/2025\/08\/19.png?resize=300%2C300&amp;ssl=1\" class=\"attachment-woocommerce_thumbnail size-woocommerce_thumbnail\" alt=\"\u00c9l\u00e9gance P\u00eache\" srcset=\"https:\/\/i0.wp.com\/venusfleurs.ca\/wp-content\/uploads\/2025\/08\/19.png?w=500&amp;ssl=1 500w, https:\/\/i0.wp.com\/venusfleurs.ca\/wp-content\/uploads\/2025\/08\/19.png?resize=300%2C300&amp;ssl=1 300w, https:\/\/i0.wp.com\/venusfleurs.ca\/wp-content\/uploads\/2025\/08\/19.png?resize=150%2C150&amp;ssl=1 150w, https:\/\/i0.wp.com\/venusfleurs.ca\/wp-content\/uploads\/2025\/08\/19.png?resize=441%2C441&amp;ssl=1 441w, https:\/\/i0.wp.com\/venusfleurs.ca\/wp-content\/uploads\/2025\/08\/19.png?resize=100%2C100&amp;ssl=1 100w\" sizes=\"(max-width: 360px) 147px, (max-width: 300px) 100vw, 300px\" data-attachment-id=\"337\" data-permalink=\"https:\/\/venusfleurs.ca\/fr\/?attachment_id=337\" data-orig-file=\"https:\/\/i0.wp.com\/venusfleurs.ca\/wp-content\/uploads\/2025\/08\/19.png?fit=500%2C500&amp;ssl=1\" data-orig-size=\"500,500\" data-comments-opened=\"1\" data-image-meta=\"{&quot;aperture&quot;:&quot;0&quot;,&quot;credit&quot;:&quot;&quot;,&quot;camera&quot;:&quot;&quot;,&quot;caption&quot;:&quot;&quot;,&quot;created_timestamp&quot;:&quot;0&quot;,&quot;copyright&quot;:&quot;&quot;,&quot;focal_length&quot;:&quot;0&quot;,&quot;iso&quot;:&quot;0&quot;,&quot;shutter_speed&quot;:&quot;0&quot;,&quot;title&quot;:&quot;&quot;,&quot;orientation&quot;:&quot;0&quot;}\" data-image-title=\"19\" data-image-description=\"\" data-image-caption=\"\" data-large-file=\"https:\/\/i0.wp.com\/venusfleurs.ca\/wp-content\/uploads\/2025\/08\/19.png?fit=500%2C500&amp;ssl=1\" \/>\t\t\t\n\t<\/div><\/div><\/a><\/div><div class=\"woocommerce-card__header\">\t\t\t\t\t<p class=\"product__categories\"><a href=\"https:\/\/venusfleurs.ca\/fr\/product-category\/occasions-speciales\/\" rel=\"tag\">Occasions sp\u00e9ciales<\/a>, <a href=\"https:\/\/venusfleurs.ca\/fr\/product-category\/tout-voir\/\" rel=\"tag\">Tout voir<\/a><\/p>\t\t\t\t<div class=\"woocommerce-loop-product__title\"><a tabindex=\"0\" href=\"https:\/\/venusfleurs.ca\/fr\/produit\/peach-elegance\/\" aria-label=\"\u00c9l\u00e9gance P\u00eache\" class=\"woocommerce-LoopProduct-link woocommerce-loop-product__link\">\u00c9l\u00e9gance P\u00eache<\/a><\/div>\n\t<span class=\"price\"><span class=\"woocommerce-Price-amount amount\"><bdi><span class=\"woocommerce-Price-currencySymbol\">&#36;<\/span>70.00<\/bdi><\/span><\/span>\n<\/a><a href=\"\/fr\/wp-json\/wp\/v2\/product\/2123?add-to-cart=2166\" aria-describedby=\"woocommerce_loop_add_to_cart_link_describedby_2166\" data-quantity=\"1\" class=\"button product_type_simple add_to_cart_button ajax_add_to_cart\" data-product_id=\"2166\" data-product_sku=\"\" aria-label=\"Ajouter au panier\u00a0: &ldquo;\u00c9l\u00e9gance P\u00eache&rdquo;\" rel=\"nofollow\" data-success_message=\"\u00ab\u00a0\u00c9l\u00e9gance P\u00eache\u00a0\u00bb a \u00e9t\u00e9 ajout\u00e9 \u00e0 votre panier\" role=\"button\">Ajouter au panier<\/a>\t<span id=\"woocommerce_loop_add_to_cart_link_describedby_2166\" class=\"screen-reader-text\">\n\t\t\t<\/span>\n<\/div><\/li>\n\n\t\t\t\n\t\t\t\t\t<li class=\"product type-product post-2145 status-publish instock product_cat-amour-romance product_cat-tout-voir has-post-thumbnail taxable shipping-taxable purchasable product-type-simple\">\n\t<a href=\"https:\/\/venusfleurs.ca\/fr\/produit\/eclat-fuchsia\/\" class=\"woocommerce-LoopProduct-link woocommerce-loop-product__link\"><div class=\"woocommerce-image__wrapper\"><a href=\"https:\/\/venusfleurs.ca\/fr\/produit\/eclat-fuchsia\/\" title=\"\u00c9clat Fuchsia\" class=\"woocommerce-LoopProduct-link woocommerce-loop-product__link\"><div class=\"shoptimizer-plp-carousel-container\"><div class=\"shoptimizer-plp-image-wrapper\"><img decoding=\"async\" width=\"300\" height=\"300\" src=\"https:\/\/i0.wp.com\/venusfleurs.ca\/wp-content\/uploads\/2025\/08\/31.png?resize=300%2C300&amp;ssl=1\" class=\"attachment-woocommerce_thumbnail size-woocommerce_thumbnail\" alt=\"\u00c9clat Fuchsia\" srcset=\"https:\/\/i0.wp.com\/venusfleurs.ca\/wp-content\/uploads\/2025\/08\/31.png?w=500&amp;ssl=1 500w, https:\/\/i0.wp.com\/venusfleurs.ca\/wp-content\/uploads\/2025\/08\/31.png?resize=300%2C300&amp;ssl=1 300w, https:\/\/i0.wp.com\/venusfleurs.ca\/wp-content\/uploads\/2025\/08\/31.png?resize=150%2C150&amp;ssl=1 150w, https:\/\/i0.wp.com\/venusfleurs.ca\/wp-content\/uploads\/2025\/08\/31.png?resize=441%2C441&amp;ssl=1 441w, https:\/\/i0.wp.com\/venusfleurs.ca\/wp-content\/uploads\/2025\/08\/31.png?resize=100%2C100&amp;ssl=1 100w\" sizes=\"(max-width: 360px) 147px, (max-width: 300px) 100vw, 300px\" data-attachment-id=\"349\" data-permalink=\"https:\/\/venusfleurs.ca\/fr\/?attachment_id=349\" data-orig-file=\"https:\/\/i0.wp.com\/venusfleurs.ca\/wp-content\/uploads\/2025\/08\/31.png?fit=500%2C500&amp;ssl=1\" data-orig-size=\"500,500\" data-comments-opened=\"1\" data-image-meta=\"{&quot;aperture&quot;:&quot;0&quot;,&quot;credit&quot;:&quot;&quot;,&quot;camera&quot;:&quot;&quot;,&quot;caption&quot;:&quot;&quot;,&quot;created_timestamp&quot;:&quot;0&quot;,&quot;copyright&quot;:&quot;&quot;,&quot;focal_length&quot;:&quot;0&quot;,&quot;iso&quot;:&quot;0&quot;,&quot;shutter_speed&quot;:&quot;0&quot;,&quot;title&quot;:&quot;&quot;,&quot;orientation&quot;:&quot;0&quot;}\" data-image-title=\"31\" data-image-description=\"\" data-image-caption=\"\" data-large-file=\"https:\/\/i0.wp.com\/venusfleurs.ca\/wp-content\/uploads\/2025\/08\/31.png?fit=500%2C500&amp;ssl=1\" \/>\t\t\t\n\t<\/div><\/div><\/a><\/div><div class=\"woocommerce-card__header\">\t\t\t\t\t<p class=\"product__categories\"><a href=\"https:\/\/venusfleurs.ca\/fr\/product-category\/amour-romance\/\" rel=\"tag\">Amour &amp; Romance<\/a>, <a href=\"https:\/\/venusfleurs.ca\/fr\/product-category\/tout-voir\/\" rel=\"tag\">Tout voir<\/a><\/p>\t\t\t\t<div class=\"woocommerce-loop-product__title\"><a tabindex=\"0\" href=\"https:\/\/venusfleurs.ca\/fr\/produit\/eclat-fuchsia\/\" aria-label=\"\u00c9clat Fuchsia\" class=\"woocommerce-LoopProduct-link woocommerce-loop-product__link\">\u00c9clat Fuchsia<\/a><\/div>\n\t<span class=\"price\"><span class=\"woocommerce-Price-amount amount\"><bdi><span class=\"woocommerce-Price-currencySymbol\">&#36;<\/span>90.00<\/bdi><\/span><\/span>\n<\/a><a href=\"\/fr\/wp-json\/wp\/v2\/product\/2123?add-to-cart=2145\" aria-describedby=\"woocommerce_loop_add_to_cart_link_describedby_2145\" data-quantity=\"1\" class=\"button product_type_simple add_to_cart_button ajax_add_to_cart\" data-product_id=\"2145\" data-product_sku=\"\" aria-label=\"Ajouter au panier\u00a0: &ldquo;\u00c9clat Fuchsia&rdquo;\" rel=\"nofollow\" data-success_message=\"\u00ab\u00a0\u00c9clat Fuchsia\u00a0\u00bb a \u00e9t\u00e9 ajout\u00e9 \u00e0 votre panier\" role=\"button\">Ajouter au panier<\/a>\t<span id=\"woocommerce_loop_add_to_cart_link_describedby_2145\" class=\"screen-reader-text\">\n\t\t\t<\/span>\n<\/div><\/li>\n\n\t\t\t\n\t\t\t\t\t<li class=\"product type-product post-2149 status-publish instock product_cat-amour-romance product_cat-occasions-speciales product_cat-tout-voir has-post-thumbnail taxable shipping-taxable purchasable product-type-simple\">\n\t<a href=\"https:\/\/venusfleurs.ca\/fr\/produit\/romance-doree\/\" class=\"woocommerce-LoopProduct-link woocommerce-loop-product__link\"><div class=\"woocommerce-image__wrapper\"><a href=\"https:\/\/venusfleurs.ca\/fr\/produit\/romance-doree\/\" title=\"Romance Dor\u00e9e\" class=\"woocommerce-LoopProduct-link woocommerce-loop-product__link\"><div class=\"shoptimizer-plp-carousel-container\"><div class=\"shoptimizer-plp-image-wrapper\"><img loading=\"lazy\" decoding=\"async\" width=\"300\" height=\"300\" src=\"https:\/\/i0.wp.com\/venusfleurs.ca\/wp-content\/uploads\/2026\/02\/ChatGPT-Image-2-fevr.-2026-a-14_34_09.png?resize=300%2C300&amp;ssl=1\" class=\"attachment-woocommerce_thumbnail size-woocommerce_thumbnail\" alt=\"Romance Dor\u00e9e\" srcset=\"https:\/\/i0.wp.com\/venusfleurs.ca\/wp-content\/uploads\/2026\/02\/ChatGPT-Image-2-fevr.-2026-a-14_34_09.png?w=1024&amp;ssl=1 1024w, https:\/\/i0.wp.com\/venusfleurs.ca\/wp-content\/uploads\/2026\/02\/ChatGPT-Image-2-fevr.-2026-a-14_34_09.png?resize=300%2C300&amp;ssl=1 300w, https:\/\/i0.wp.com\/venusfleurs.ca\/wp-content\/uploads\/2026\/02\/ChatGPT-Image-2-fevr.-2026-a-14_34_09.png?resize=150%2C150&amp;ssl=1 150w, https:\/\/i0.wp.com\/venusfleurs.ca\/wp-content\/uploads\/2026\/02\/ChatGPT-Image-2-fevr.-2026-a-14_34_09.png?resize=768%2C768&amp;ssl=1 768w, https:\/\/i0.wp.com\/venusfleurs.ca\/wp-content\/uploads\/2026\/02\/ChatGPT-Image-2-fevr.-2026-a-14_34_09.png?resize=990%2C990&amp;ssl=1 990w, https:\/\/i0.wp.com\/venusfleurs.ca\/wp-content\/uploads\/2026\/02\/ChatGPT-Image-2-fevr.-2026-a-14_34_09.png?resize=441%2C441&amp;ssl=1 441w, https:\/\/i0.wp.com\/venusfleurs.ca\/wp-content\/uploads\/2026\/02\/ChatGPT-Image-2-fevr.-2026-a-14_34_09.png?resize=100%2C100&amp;ssl=1 100w, https:\/\/i0.wp.com\/venusfleurs.ca\/wp-content\/uploads\/2026\/02\/ChatGPT-Image-2-fevr.-2026-a-14_34_09.png?resize=600%2C600&amp;ssl=1 600w\" sizes=\"(max-width: 360px) 147px, (max-width: 300px) 100vw, 300px\" data-attachment-id=\"1610\" data-permalink=\"https:\/\/venusfleurs.ca\/fr\/?attachment_id=1610\" data-orig-file=\"https:\/\/i0.wp.com\/venusfleurs.ca\/wp-content\/uploads\/2026\/02\/ChatGPT-Image-2-fevr.-2026-a-14_34_09.png?fit=1024%2C1024&amp;ssl=1\" data-orig-size=\"1024,1024\" data-comments-opened=\"1\" data-image-meta=\"{&quot;aperture&quot;:&quot;0&quot;,&quot;credit&quot;:&quot;&quot;,&quot;camera&quot;:&quot;&quot;,&quot;caption&quot;:&quot;&quot;,&quot;created_timestamp&quot;:&quot;0&quot;,&quot;copyright&quot;:&quot;&quot;,&quot;focal_length&quot;:&quot;0&quot;,&quot;iso&quot;:&quot;0&quot;,&quot;shutter_speed&quot;:&quot;0&quot;,&quot;title&quot;:&quot;&quot;,&quot;orientation&quot;:&quot;0&quot;}\" data-image-title=\"ChatGPT Image 2 f\u00e9vr. 2026 \u00e0 14_34_09\" data-image-description=\"\" data-image-caption=\"\" data-large-file=\"https:\/\/i0.wp.com\/venusfleurs.ca\/wp-content\/uploads\/2026\/02\/ChatGPT-Image-2-fevr.-2026-a-14_34_09.png?fit=1024%2C1024&amp;ssl=1\" \/>\t\t\t\n\t<\/div><\/div><\/a><\/div><div class=\"woocommerce-card__header\">\t\t\t\t\t<p class=\"product__categories\"><a href=\"https:\/\/venusfleurs.ca\/fr\/product-category\/amour-romance\/\" rel=\"tag\">Amour &amp; Romance<\/a>, <a href=\"https:\/\/venusfleurs.ca\/fr\/product-category\/occasions-speciales\/\" rel=\"tag\">Occasions sp\u00e9ciales<\/a>, <a href=\"https:\/\/venusfleurs.ca\/fr\/product-category\/tout-voir\/\" rel=\"tag\">Tout voir<\/a><\/p>\t\t\t\t<div class=\"woocommerce-loop-product__title\"><a tabindex=\"0\" href=\"https:\/\/venusfleurs.ca\/fr\/produit\/romance-doree\/\" aria-label=\"Romance Dor\u00e9e\" class=\"woocommerce-LoopProduct-link woocommerce-loop-product__link\">Romance Dor\u00e9e<\/a><\/div>\n\t<span class=\"price\"><span class=\"woocommerce-Price-amount amount\"><bdi><span class=\"woocommerce-Price-currencySymbol\">&#36;<\/span>100.00<\/bdi><\/span><\/span>\n<\/a><a href=\"\/fr\/wp-json\/wp\/v2\/product\/2123?add-to-cart=2149\" aria-describedby=\"woocommerce_loop_add_to_cart_link_describedby_2149\" data-quantity=\"1\" class=\"button product_type_simple add_to_cart_button ajax_add_to_cart\" data-product_id=\"2149\" data-product_sku=\"\" aria-label=\"Ajouter au panier\u00a0: &ldquo;Romance Dor\u00e9e&rdquo;\" rel=\"nofollow\" data-success_message=\"\u00ab\u00a0Romance Dor\u00e9e\u00a0\u00bb a \u00e9t\u00e9 ajout\u00e9 \u00e0 votre panier\" role=\"button\">Ajouter au panier<\/a>\t<span id=\"woocommerce_loop_add_to_cart_link_describedby_2149\" class=\"screen-reader-text\">\n\t\t\t<\/span>\n<\/div><\/li>\n\n\t\t\t\n\t\t<\/ul>\n\n\t<\/section>\n\t\t\t\t\t<\/div>\n\t\t\t\t\t<\/div>\n\t\t\t\t<\/div>\n\t\t\t\t<\/div>\n\t\t","protected":false},"excerpt":{"rendered":"<p>Un m\u00e9lange joyeux de roses fuchsia, d&rsquo;\u0153illets roses tendres et de touches de fleurs lilas, nou\u00e9 avec des rubans vibrants. Parfait pour \u00e9gayer la journ\u00e9e de quelqu&rsquo;un avec gaiet\u00e9 et affection.<\/p>\n","protected":false},"featured_media":383,"comment_status":"open","ping_status":"closed","template":"","meta":{"_crdt_document":"","advanced_seo_description":"","jetpack_seo_html_title":"","jetpack_seo_noindex":false,"jetpack_publicize_message":"","jetpack_publicize_feature_enabled":true,"jetpack_social_post_already_shared":true,"jetpack_social_options":{"image_generator_settings":{"template":"highway","default_image_id":0,"font":"","enabled":false},"version":2},"_wpas_customize_per_network":false},"product_brand":[],"product_cat":[1410,1408],"product_tag":[],"class_list":{"0":"post-2123","1":"product","2":"type-product","3":"status-publish","4":"has-post-thumbnail","6":"product_cat-amour-romance","7":"product_cat-tout-voir","9":"last","10":"instock","11":"taxable","12":"shipping-taxable","13":"purchasable","14":"product-type-simple"},"jetpack_publicize_connections":[],"jetpack_likes_enabled":true,"jetpack_sharing_enabled":true,"jetpack-related-posts":[],"_links":{"self":[{"href":"https:\/\/venusfleurs.ca\/fr\/wp-json\/wp\/v2\/product\/2123","targetHints":{"allow":["GET"]}}],"collection":[{"href":"https:\/\/venusfleurs.ca\/fr\/wp-json\/wp\/v2\/product"}],"about":[{"href":"https:\/\/venusfleurs.ca\/fr\/wp-json\/wp\/v2\/types\/product"}],"replies":[{"embeddable":true,"href":"https:\/\/venusfleurs.ca\/fr\/wp-json\/wp\/v2\/comments?post=2123"}],"version-history":[{"count":1,"href":"https:\/\/venusfleurs.ca\/fr\/wp-json\/wp\/v2\/product\/2123\/revisions"}],"predecessor-version":[{"id":2125,"href":"https:\/\/venusfleurs.ca\/fr\/wp-json\/wp\/v2\/product\/2123\/revisions\/2125"}],"wp:featuredmedia":[{"embeddable":true,"href":"https:\/\/venusfleurs.ca\/fr\/wp-json\/wp\/v2\/media\/383"}],"wp:attachment":[{"href":"https:\/\/venusfleurs.ca\/fr\/wp-json\/wp\/v2\/media?parent=2123"}],"wp:term":[{"taxonomy":"product_brand","embeddable":true,"href":"https:\/\/venusfleurs.ca\/fr\/wp-json\/wp\/v2\/product_brand?post=2123"},{"taxonomy":"product_cat","embeddable":true,"href":"https:\/\/venusfleurs.ca\/fr\/wp-json\/wp\/v2\/product_cat?post=2123"},{"taxonomy":"product_tag","embeddable":true,"href":"https:\/\/venusfleurs.ca\/fr\/wp-json\/wp\/v2\/product_tag?post=2123"}],"curies":[{"name":"wp","href":"https:\/\/api.w.org\/{rel}","templated":true}]}}