{"id":3372,"date":"2026-05-08T16:26:34","date_gmt":"2026-05-08T20:26:34","guid":{"rendered":"https:\/\/venusfleurs.ca\/product\/coeur-de-deuil-souvenir-emouvant\/"},"modified":"2026-05-08T16:26:34","modified_gmt":"2026-05-08T20:26:34","slug":"coeur-de-deuil-souvenir-emouvant","status":"publish","type":"product","link":"https:\/\/venusfleurs.ca\/fr\/produit\/coeur-de-deuil-souvenir-emouvant\/","title":{"rendered":"C\u0153ur de Deuil &#8211; Souvenir \u00c9mouvant"},"content":{"rendered":"","protected":false},"excerpt":{"rendered":"<p><span class=\"a_GcMg font-feature-liga-off font-feature-clig-off font-feature-calt-off text-decoration-none text-strikethrough-none\">Un c\u0153ur enti\u00e8rement compos\u00e9 de roses ivoire, \u00e9l\u00e9gant et raffin\u00e9, symbolisant l&rsquo;amour inconditionnel et le souvenir paisible.<\/span><\/p>\n","protected":false},"featured_media":2417,"comment_status":"open","ping_status":"closed","template":"","meta":{"_crdt_document":"","advanced_seo_description":"","jetpack_seo_html_title":"","jetpack_seo_noindex":false,"jetpack_publicize_message":"","jetpack_publicize_feature_enabled":true,"jetpack_social_post_already_shared":true,"jetpack_social_options":{"image_generator_settings":{"template":"highway","default_image_id":0,"font":"","enabled":false},"version":2},"_wpas_customize_per_network":false},"product_brand":[],"product_cat":[1380,1379],"product_tag":[],"class_list":{"0":"post-3372","1":"product","2":"type-product","3":"status-publish","4":"has-post-thumbnail","6":"product_cat-funerals","7":"product_cat-funeral","9":"first","10":"instock","11":"taxable","12":"shipping-taxable","13":"purchasable","14":"product-type-variable"},"jetpack_publicize_connections":[],"jetpack_likes_enabled":true,"jetpack_sharing_enabled":true,"jetpack-related-posts":[],"_links":{"self":[{"href":"https:\/\/venusfleurs.ca\/fr\/wp-json\/wp\/v2\/product\/3372","targetHints":{"allow":["GET"]}}],"collection":[{"href":"https:\/\/venusfleurs.ca\/fr\/wp-json\/wp\/v2\/product"}],"about":[{"href":"https:\/\/venusfleurs.ca\/fr\/wp-json\/wp\/v2\/types\/product"}],"replies":[{"embeddable":true,"href":"https:\/\/venusfleurs.ca\/fr\/wp-json\/wp\/v2\/comments?post=3372"}],"version-history":[{"count":0,"href":"https:\/\/venusfleurs.ca\/fr\/wp-json\/wp\/v2\/product\/3372\/revisions"}],"wp:featuredmedia":[{"embeddable":true,"href":"https:\/\/venusfleurs.ca\/fr\/wp-json\/wp\/v2\/media\/2417"}],"wp:attachment":[{"href":"https:\/\/venusfleurs.ca\/fr\/wp-json\/wp\/v2\/media?parent=3372"}],"wp:term":[{"taxonomy":"product_brand","embeddable":true,"href":"https:\/\/venusfleurs.ca\/fr\/wp-json\/wp\/v2\/product_brand?post=3372"},{"taxonomy":"product_cat","embeddable":true,"href":"https:\/\/venusfleurs.ca\/fr\/wp-json\/wp\/v2\/product_cat?post=3372"},{"taxonomy":"product_tag","embeddable":true,"href":"https:\/\/venusfleurs.ca\/fr\/wp-json\/wp\/v2\/product_tag?post=3372"}],"curies":[{"name":"wp","href":"https:\/\/api.w.org\/{rel}","templated":true}]}}