{"id":3425,"date":"2026-05-08T16:28:28","date_gmt":"2026-05-08T20:28:28","guid":{"rendered":"https:\/\/venusfleurs.ca\/product\/coeur-funeraire-hommage-rose-tendre\/"},"modified":"2026-05-08T16:28:28","modified_gmt":"2026-05-08T20:28:28","slug":"coeur-funeraire-hommage-rose-tendre","status":"publish","type":"product","link":"https:\/\/venusfleurs.ca\/fr\/produit\/coeur-funeraire-hommage-rose-tendre\/","title":{"rendered":"C\u0153ur fun\u00e9raire &#8211; Hommage rose tendre"},"content":{"rendered":"","protected":false},"excerpt":{"rendered":"<p><span class=\"a_GcMg font-feature-liga-off font-feature-clig-off font-feature-calt-off text-decoration-none text-strikethrough-none\">Un c\u0153ur blanc doux rehauss\u00e9 de roses rose poudr\u00e9 et rose profond, exprimant un amour tendre et un souvenir pr\u00e9cieux.<\/span><\/p>\n","protected":false},"featured_media":2405,"comment_status":"open","ping_status":"closed","template":"","meta":{"_crdt_document":"","advanced_seo_description":"","jetpack_seo_html_title":"","jetpack_seo_noindex":false,"jetpack_publicize_message":"","jetpack_publicize_feature_enabled":true,"jetpack_social_post_already_shared":true,"jetpack_social_options":{"image_generator_settings":{"template":"highway","default_image_id":0,"font":"","enabled":false},"version":2},"_wpas_customize_per_network":false},"product_brand":[],"product_cat":[1412,1411],"product_tag":[],"class_list":{"0":"post-3425","1":"product","2":"type-product","3":"status-publish","4":"has-post-thumbnail","6":"product_cat-funerailles-2","7":"product_cat-funerailles","9":"first","10":"instock","11":"taxable","12":"shipping-taxable","13":"purchasable","14":"product-type-variable"},"jetpack_publicize_connections":[],"jetpack_likes_enabled":true,"jetpack_sharing_enabled":true,"jetpack-related-posts":[],"_links":{"self":[{"href":"https:\/\/venusfleurs.ca\/fr\/wp-json\/wp\/v2\/product\/3425","targetHints":{"allow":["GET"]}}],"collection":[{"href":"https:\/\/venusfleurs.ca\/fr\/wp-json\/wp\/v2\/product"}],"about":[{"href":"https:\/\/venusfleurs.ca\/fr\/wp-json\/wp\/v2\/types\/product"}],"replies":[{"embeddable":true,"href":"https:\/\/venusfleurs.ca\/fr\/wp-json\/wp\/v2\/comments?post=3425"}],"version-history":[{"count":0,"href":"https:\/\/venusfleurs.ca\/fr\/wp-json\/wp\/v2\/product\/3425\/revisions"}],"wp:featuredmedia":[{"embeddable":true,"href":"https:\/\/venusfleurs.ca\/fr\/wp-json\/wp\/v2\/media\/2405"}],"wp:attachment":[{"href":"https:\/\/venusfleurs.ca\/fr\/wp-json\/wp\/v2\/media?parent=3425"}],"wp:term":[{"taxonomy":"product_brand","embeddable":true,"href":"https:\/\/venusfleurs.ca\/fr\/wp-json\/wp\/v2\/product_brand?post=3425"},{"taxonomy":"product_cat","embeddable":true,"href":"https:\/\/venusfleurs.ca\/fr\/wp-json\/wp\/v2\/product_cat?post=3425"},{"taxonomy":"product_tag","embeddable":true,"href":"https:\/\/venusfleurs.ca\/fr\/wp-json\/wp\/v2\/product_tag?post=3425"}],"curies":[{"name":"wp","href":"https:\/\/api.w.org\/{rel}","templated":true}]}}