{"id":3499,"date":"2026-05-08T16:28:31","date_gmt":"2026-05-08T20:28:31","guid":{"rendered":"https:\/\/venusfleurs.ca\/product\/couronne-funeraire-souvenir-lavande\/"},"modified":"2026-05-08T16:28:31","modified_gmt":"2026-05-08T20:28:31","slug":"couronne-funeraire-souvenir-lavande","status":"publish","type":"product","link":"https:\/\/venusfleurs.ca\/fr\/produit\/couronne-funeraire-souvenir-lavande\/","title":{"rendered":"Couronne fun\u00e9raire &#8211; Souvenir lavande"},"content":{"rendered":"","protected":false},"excerpt":{"rendered":"<p>Une couronne \u00e9l\u00e9gante de roses lavande et ivoire, symbole d\u2019admiration, de dignit\u00e9 et d\u2019amour \u00e9ternel.<\/p>\n","protected":false},"featured_media":2330,"comment_status":"open","ping_status":"closed","template":"","meta":{"_crdt_document":"","advanced_seo_description":"","jetpack_seo_html_title":"","jetpack_seo_noindex":false,"jetpack_publicize_message":"","jetpack_publicize_feature_enabled":true,"jetpack_social_post_already_shared":true,"jetpack_social_options":{"image_generator_settings":{"template":"highway","default_image_id":0,"font":"","enabled":false},"version":2},"_wpas_customize_per_network":false},"product_brand":[],"product_cat":[1380,1379],"product_tag":[],"class_list":{"0":"post-3499","1":"product","2":"type-product","3":"status-publish","4":"has-post-thumbnail","6":"product_cat-funerals","7":"product_cat-funeral","9":"first","10":"instock","11":"taxable","12":"shipping-taxable","13":"purchasable","14":"product-type-variable"},"jetpack_publicize_connections":[],"jetpack_likes_enabled":true,"jetpack_sharing_enabled":true,"jetpack-related-posts":[],"_links":{"self":[{"href":"https:\/\/venusfleurs.ca\/fr\/wp-json\/wp\/v2\/product\/3499","targetHints":{"allow":["GET"]}}],"collection":[{"href":"https:\/\/venusfleurs.ca\/fr\/wp-json\/wp\/v2\/product"}],"about":[{"href":"https:\/\/venusfleurs.ca\/fr\/wp-json\/wp\/v2\/types\/product"}],"replies":[{"embeddable":true,"href":"https:\/\/venusfleurs.ca\/fr\/wp-json\/wp\/v2\/comments?post=3499"}],"version-history":[{"count":0,"href":"https:\/\/venusfleurs.ca\/fr\/wp-json\/wp\/v2\/product\/3499\/revisions"}],"wp:featuredmedia":[{"embeddable":true,"href":"https:\/\/venusfleurs.ca\/fr\/wp-json\/wp\/v2\/media\/2330"}],"wp:attachment":[{"href":"https:\/\/venusfleurs.ca\/fr\/wp-json\/wp\/v2\/media?parent=3499"}],"wp:term":[{"taxonomy":"product_brand","embeddable":true,"href":"https:\/\/venusfleurs.ca\/fr\/wp-json\/wp\/v2\/product_brand?post=3499"},{"taxonomy":"product_cat","embeddable":true,"href":"https:\/\/venusfleurs.ca\/fr\/wp-json\/wp\/v2\/product_cat?post=3499"},{"taxonomy":"product_tag","embeddable":true,"href":"https:\/\/venusfleurs.ca\/fr\/wp-json\/wp\/v2\/product_tag?post=3499"}],"curies":[{"name":"wp","href":"https:\/\/api.w.org\/{rel}","templated":true}]}}